{"id":125,"date":"2024-10-27T02:04:38","date_gmt":"2024-10-27T01:04:38","guid":{"rendered":"https:\/\/aibull.io\/?page_id=125"},"modified":"2024-11-27T16:25:50","modified_gmt":"2024-11-27T15:25:50","slug":"guia_onboarding","status":"publish","type":"page","link":"https:\/\/aibull.io\/?page_id=125","title":{"rendered":"Gu\u00eda de Onboarding para Clientes de EthBot de aiBull.io"},"content":{"rendered":"\n<p>Bienvenido a aiBull.io y EthBot, nuestro servicio de inversi\u00f3n automatizada para Ethereum. Esta gu\u00eda te ayudar\u00e1 a conectar tu cuenta de Binance con nuestro robot EthBot, que opera de forma autom\u00e1tica comprando cuando Ethereum est\u00e1 bajo y vendiendo cuando est\u00e1 alto, generando beneficios sostenidos a lo largo del ciclo de 4 a\u00f1os del mercado crypto.<\/p>\n\n\n\n<h4 class=\"wp-block-heading\" style=\"margin-top:var(--wp--preset--spacing--50);margin-bottom:var(--wp--preset--spacing--50)\">PASOS:<\/h4>\n\n\n\n<h4 class=\"wp-block-heading has-custom-primary-color has-text-color has-link-color wp-elements-724c0cd1eea5316eb764db80145ad1df\" style=\"margin-top:var(--wp--preset--spacing--50);margin-bottom:var(--wp--preset--spacing--50)\">1. Crear una cuenta en Binance<\/h4>\n\n\n\n<p style=\"margin-top:var(--wp--preset--spacing--40);margin-bottom:var(--wp--preset--spacing--40)\">Si no tienes una cuenta en Binance, sigue estos pasos:<br>&#8211; Visita [<a href=\"http:\/\/binance.com\/\" target=\"_blank\" rel=\"noreferrer noopener\">binance.com<\/a>](<a href=\"https:\/\/www.binance.com\/\" target=\"_blank\" rel=\"noreferrer noopener\">https:\/\/www.binance.com<\/a>) y reg\u00edstrate.<br>&#8211; Aseg\u00farate de usar un correo electr\u00f3nico activo y una contrase\u00f1a segura.<\/p>\n\n\n\n<h4 class=\"wp-block-heading has-custom-primary-color has-text-color has-link-color wp-elements-f9e09fbe4be8e47b59b10cf52b05ac3a\" style=\"margin-top:var(--wp--preset--spacing--50);margin-bottom:var(--wp--preset--spacing--50)\">2. Completar la verificaci\u00f3n de identidad (KYC) en Binance<\/h4>\n\n\n\n<p>Para cumplir con las regulaciones, debes verificar tu identidad en Binance:<br>&#8211; Inicia sesi\u00f3n en tu cuenta.<br>&#8211; Ve a la secci\u00f3n \u00abVerificaci\u00f3n de Identidad\u00bb o \u00abKYC\u00bb.<br>&#8211; Sube los documentos solicitados (por ejemplo, tu pasaporte o licencia de conducir) y una prueba de domicilio.<br>&#8211; Completa la verificaci\u00f3n facial si se te solicita. Binance confirmar\u00e1 tu identidad en un plazo de 24 a 72 horas.<br><\/p>\n\n\n\n<h4 class=\"wp-block-heading has-custom-primary-color has-text-color has-link-color wp-elements-2d2242f6bc002ec75580352435585f3a\" style=\"margin-top:var(--wp--preset--spacing--50);margin-bottom:var(--wp--preset--spacing--50)\">3. Transferir fondos a tu cuenta de Binance<\/h4>\n\n\n\n<p>Una vez verificada tu cuenta, necesitas transferir fondos desde tu banco a Binance:<br>&#8211; En tu panel de Binance, ve a \u00abComprar Crypto\u00bb y selecciona la opci\u00f3n de dep\u00f3sito bancario.<br>&#8211; Elige la moneda y el m\u00e9todo de transferencia bancaria que prefieras.<br>&#8211; Sigue las instrucciones para enviar los fondos desde tu banco.<br><\/p>\n\n\n\n<h4 class=\"wp-block-heading has-custom-primary-color has-text-color has-link-color wp-elements-4fc42584be73ef962bb72111a413e790\" style=\"margin-top:var(--wp--preset--spacing--50);margin-bottom:var(--wp--preset--spacing--50)\">4. Crear una subcuenta en Binance<\/h4>\n\n\n\n<p>Para operar con EthBot, necesitar\u00e1s crear una subcuenta dedicada:<br>&#8211; Ve a la secci\u00f3n \u00abSubcuentas\u00bb en tu cuenta de Binance.<br>&#8211; Crea una nueva subcuenta con el nombre \u00abEthBot\u00bb.<\/p>\n\n\n\n<ul class=\"wp-block-list\">\n<li class=\"has-custom-primary-color has-text-color has-link-color wp-elements-58046ea78a2d05e59f239b503d7adc1a\"><a href=\"https:\/\/www.binance.com\/en\/square\/post\/12695672498873#\" target=\"_blank\" rel=\"noreferrer noopener\">&#8211; Sigue estas &gt;&gt; instrucciones &lt;&lt; de Binance para crear subcuenta y obtener email virtual<\/a>.<\/li>\n\n\n\n<li class=\"has-custom-text-color-color has-text-color has-link-color wp-elements-2111dd3c199b103dcd3e17d136df4091\">&#8211; Transfiere a esta subcuenta un monto m\u00ednimo de **1.000 euros** y m\u00e1ximo de **10.000 euros**. Solo se operar\u00e1 con el saldo dentro de esta subcuenta.<\/li>\n<\/ul>\n\n\n\n<p><\/p>\n\n\n\n<h4 class=\"wp-block-heading has-custom-primary-color has-text-color has-link-color wp-elements-5e9878bff5c29dede677cb23ac625ac9\" style=\"margin-top:var(--wp--preset--spacing--50);margin-bottom:var(--wp--preset--spacing--50)\">5. Dar acceso a EthBot de aiBull a tu subcuenta<\/h4>\n\n\n\n<p>EthBot necesita permisos para operar dentro de tu subcuenta. Sigue estos pasos para garantizar que solo pueda realizar operaciones de compra y venta:<br>1. **Generar una API Key en Binance:**<br>\u00a0 \u00a0&#8211; Ve a \u00abGesti\u00f3n de API\u00bb en tu cuenta de Binance.<br>\u00a0 \u00a0&#8211; Crea una nueva API Key y n\u00f3mbrala \u00abEthBot\u00bb.<\/p>\n\n\n\n<ul class=\"wp-block-list\">\n<li>   &#8211; Busca el apartado **Restringir el acceso a direcciones IP fiables (recomendado)** y introduce tu IP (de forma provisional)<br>   &#8211; Activa la opci\u00f3n **Habilitar trading de m\u00e1rgenes y spot**, pero desactiva la opci\u00f3n **Permite transferencias universales**.<\/li>\n\n\n\n<li><br>2. **Enviar la API Key a aiBull.io:**<br>\u00a0 \u00a0&#8211; Copia la API Key y el Secret Key generados.<br>\u00a0 \u00a0&#8211; Env\u00eda esta informaci\u00f3n a aiBull para activar el robot en tu subcuenta.<br><\/li>\n<\/ul>\n\n\n\n<h4 class=\"wp-block-heading has-custom-primary-color has-text-color has-link-color wp-elements-aae82cb6fac7279c5389134d160a0b9c\" style=\"margin-top:var(--wp--preset--spacing--50);margin-bottom:var(--wp--preset--spacing--50)\">6. Verificar permisos de retiro<\/h4>\n\n\n\n<p>Es fundamental que verifiques que EthBot no tiene acceso para retirar fondos de tu cuenta:<br>&#8211; Aseg\u00farate de que el permiso de \u00abretiro\u00bb est\u00e9 **desactivado** en la configuraci\u00f3n de la API Key que has creado.<br><\/p>\n\n\n\n<h4 class=\"wp-block-heading has-custom-primary-color has-text-color has-link-color wp-elements-c56b8a9909511d3605fa5c018a061956\" style=\"margin-top:var(--wp--preset--spacing--50);margin-bottom:var(--wp--preset--spacing--50)\">7. Activar la IP del robot EthBot de aiBull<\/h4>\n\n\n\n<p>Para que el robot opere de forma segura y autom\u00e1tica, debes activar la IP de EthBot:<br>&#8211; En la configuraci\u00f3n de la API, selecciona la opci\u00f3n para restringir el acceso a direcciones IP espec\u00edficas.<br>&#8211; Solicita a aiBull la direcci\u00f3n IP de EthBot e ingr\u00e9sala en esta secci\u00f3n para garantizar que solo esa IP pueda acceder y operar con tu API.<br><\/p>\n\n\n\n<h4 class=\"wp-block-heading has-custom-primary-color has-text-color has-link-color wp-elements-f3d4b28066f61c632ca5463a2aba0b6d\" style=\"margin-top:var(--wp--preset--spacing--50);margin-bottom:var(--wp--preset--spacing--50)\">8. Activaci\u00f3n y supervisi\u00f3n<\/h4>\n\n\n\n<p>Una vez completados estos pasos, EthBot comenzar\u00e1 a operar en tu subcuenta. Puedes supervisar las operaciones directamente desde el panel de Binance en la subcuenta designada.<br><\/p>\n\n\n\n<h3 class=\"wp-block-heading has-custom-text-color-color has-text-color has-link-color wp-elements-080e54ca3555a1bfcd5b353399b7dc66\" style=\"margin-top:var(--wp--preset--spacing--50);margin-bottom:var(--wp--preset--spacing--50)\">\u00a1Gracias por confiar en EthBot de aiBull.io!<\/h3>\n","protected":false},"excerpt":{"rendered":"<p>Bienvenido a aiBull.io y EthBot, nuestro servicio de inversi\u00f3n automatizada para Ethereum. Esta gu\u00eda te ayudar\u00e1 a conectar tu cuenta de Binance con nuestro robot EthBot, que opera de forma autom\u00e1tica comprando cuando Ethereum est\u00e1 bajo y vendiendo cuando est\u00e1 alto, generando beneficios sostenidos a lo largo del ciclo de 4 a\u00f1os del mercado crypto. [&hellip;]<\/p>\n","protected":false},"author":2,"featured_media":0,"parent":0,"menu_order":0,"comment_status":"closed","ping_status":"closed","template":"","meta":{"footnotes":""},"class_list":["post-125","page","type-page","status-publish","hentry"],"_links":{"self":[{"href":"https:\/\/aibull.io\/index.php?rest_route=\/wp\/v2\/pages\/125","targetHints":{"allow":["GET"]}}],"collection":[{"href":"https:\/\/aibull.io\/index.php?rest_route=\/wp\/v2\/pages"}],"about":[{"href":"https:\/\/aibull.io\/index.php?rest_route=\/wp\/v2\/types\/page"}],"author":[{"embeddable":true,"href":"https:\/\/aibull.io\/index.php?rest_route=\/wp\/v2\/users\/2"}],"replies":[{"embeddable":true,"href":"https:\/\/aibull.io\/index.php?rest_route=%2Fwp%2Fv2%2Fcomments&post=125"}],"version-history":[{"count":12,"href":"https:\/\/aibull.io\/index.php?rest_route=\/wp\/v2\/pages\/125\/revisions"}],"predecessor-version":[{"id":199,"href":"https:\/\/aibull.io\/index.php?rest_route=\/wp\/v2\/pages\/125\/revisions\/199"}],"wp:attachment":[{"href":"https:\/\/aibull.io\/index.php?rest_route=%2Fwp%2Fv2%2Fmedia&parent=125"}],"curies":[{"name":"wp","href":"https:\/\/api.w.org\/{rel}","templated":true}]}}